{"id":102,"date":"2021-12-27T17:39:58","date_gmt":"2021-12-27T17:39:58","guid":{"rendered":"https:\/\/www.elixir-zivota.cz\/?page_id=102"},"modified":"2022-02-07T19:58:38","modified_gmt":"2022-02-07T18:58:38","slug":"domovska-stranka","status":"publish","type":"page","link":"https:\/\/www.elixir-zivota.cz\/","title":{"rendered":"Domovsk\u00e1 str\u00e1nka"},"content":{"rendered":"\n<p class=\"has-black-color has-text-color has-medium-font-size\"><a rel=\"noreferrer noopener\" href=\"https:\/\/www.facebook.com\/elixirzivotakoprivnice\/\" target=\"_blank\">ELIX\u00cdR \u017dIVOTA<\/a><br>je m\u00edstem, ve kter\u00e9m najdete r\u016fzn\u00e9 druhy \u010daj\u016f, bylinn\u00fdch tinktur, mast\u00ed, p\u0159\u00edrodn\u00ed kosmetiky a d\u00e1rk\u016f nejen pro Va\u0161e bl\u00edzk\u00e9, ale i pro V\u00e1s samotn\u00e9. A v\u011b\u0159\u00edme, \u017ee zde najdete nejen to. <\/p>\n\n\n\n<p class=\"has-black-color has-text-color has-medium-font-size\">Na\u0161\u00edm prvotn\u00edm z\u00e1m\u011brem a p\u0159\u00e1n\u00edm je, aby ka\u017ed\u00fd, kdo k n\u00e1m do Elix\u00edru \u017eivota vstoup\u00ed, poc\u00edtil p\u0159\u00edliv klidu, radosti, zdrav\u00ed, vz\u00e1jemn\u00e9ho propojov\u00e1n\u00ed a proud\u011bn\u00ed energi\u00ed. V dne\u0161n\u00ed usp\u011bchan\u00e9 a n\u00e1ro\u010dn\u00e9 dob\u011b tak chceme vytvo\u0159it prost\u0159ed\u00ed, kde se budete r\u00e1di vracet a kde budete moci, by\u0165 i jen na chvilku, na\u010derpat s\u00edlu do \u017eivota p\u0159i vz\u00e1jemn\u00e9m <strong>SE-TK\u00c1-V\u00c1N\u00cd<\/strong>.<\/p>\n\n\n\n<figure class=\"wp-block-image size-large\"><img loading=\"lazy\" decoding=\"async\" width=\"1024\" height=\"1024\" src=\"http:\/\/www.elixir-zivota.cz\/wp-content\/uploads\/2021\/12\/cropped-logo-1-1024x1024.jpg\" alt=\"\" class=\"wp-image-120\" srcset=\"https:\/\/www.elixir-zivota.cz\/wp-content\/uploads\/2021\/12\/cropped-logo-1-1024x1024.jpg 1024w, https:\/\/www.elixir-zivota.cz\/wp-content\/uploads\/2021\/12\/cropped-logo-1-300x300.jpg 300w, https:\/\/www.elixir-zivota.cz\/wp-content\/uploads\/2021\/12\/cropped-logo-1-150x150.jpg 150w, https:\/\/www.elixir-zivota.cz\/wp-content\/uploads\/2021\/12\/cropped-logo-1-768x768.jpg 768w, https:\/\/www.elixir-zivota.cz\/wp-content\/uploads\/2021\/12\/cropped-logo-1-1536x1536.jpg 1536w, https:\/\/www.elixir-zivota.cz\/wp-content\/uploads\/2021\/12\/cropped-logo-1-1320x1320.jpg 1320w, https:\/\/www.elixir-zivota.cz\/wp-content\/uploads\/2021\/12\/cropped-logo-1-600x600.jpg 600w, https:\/\/www.elixir-zivota.cz\/wp-content\/uploads\/2021\/12\/cropped-logo-1-100x100.jpg 100w, https:\/\/www.elixir-zivota.cz\/wp-content\/uploads\/2021\/12\/cropped-logo-1.jpg 1656w\" sizes=\"auto, (max-width: 1024px) 100vw, 1024px\" \/><\/figure>\n","protected":false},"excerpt":{"rendered":"<p>ELIX\u00cdR \u017dIVOTAje m\u00edstem, ve kter\u00e9m najdete r\u016fzn\u00e9 druhy \u010daj\u016f, bylinn\u00fdch tinktur, mast\u00ed, p\u0159\u00edrodn\u00ed kosmetiky a d\u00e1rk\u016f nejen pro Va\u0161e bl\u00edzk\u00e9, ale i pro V\u00e1s samotn\u00e9. A v\u011b\u0159\u00edme, \u017ee zde najdete nejen to. Na\u0161\u00edm prvotn\u00edm z\u00e1m\u011brem a p\u0159\u00e1n\u00edm je, aby ka\u017ed\u00fd, kdo k n\u00e1m do Elix\u00edru \u017eivota vstoup\u00ed, poc\u00edtil p\u0159\u00edliv klidu, radosti, zdrav\u00ed, vz\u00e1jemn\u00e9ho propojov\u00e1n\u00ed a <a class=\"read-more\" href=\"https:\/\/www.elixir-zivota.cz\/\">READ MORE<\/a><\/p>\n","protected":false},"author":1,"featured_media":0,"parent":0,"menu_order":0,"comment_status":"closed","ping_status":"closed","template":"","meta":{"ngg_post_thumbnail":0,"footnotes":""},"class_list":["post-102","page","type-page","status-publish","hentry"],"_links":{"self":[{"href":"https:\/\/www.elixir-zivota.cz\/index.php?rest_route=\/wp\/v2\/pages\/102","targetHints":{"allow":["GET"]}}],"collection":[{"href":"https:\/\/www.elixir-zivota.cz\/index.php?rest_route=\/wp\/v2\/pages"}],"about":[{"href":"https:\/\/www.elixir-zivota.cz\/index.php?rest_route=\/wp\/v2\/types\/page"}],"author":[{"embeddable":true,"href":"https:\/\/www.elixir-zivota.cz\/index.php?rest_route=\/wp\/v2\/users\/1"}],"replies":[{"embeddable":true,"href":"https:\/\/www.elixir-zivota.cz\/index.php?rest_route=%2Fwp%2Fv2%2Fcomments&post=102"}],"version-history":[{"count":20,"href":"https:\/\/www.elixir-zivota.cz\/index.php?rest_route=\/wp\/v2\/pages\/102\/revisions"}],"predecessor-version":[{"id":576,"href":"https:\/\/www.elixir-zivota.cz\/index.php?rest_route=\/wp\/v2\/pages\/102\/revisions\/576"}],"wp:attachment":[{"href":"https:\/\/www.elixir-zivota.cz\/index.php?rest_route=%2Fwp%2Fv2%2Fmedia&parent=102"}],"curies":[{"name":"wp","href":"https:\/\/api.w.org\/{rel}","templated":true}]}}