{"id":16,"date":"2021-12-15T19:01:11","date_gmt":"2021-12-15T19:01:11","guid":{"rendered":"https:\/\/www.elixir-zivota.cz\/?page_id=16"},"modified":"2022-02-13T17:38:20","modified_gmt":"2022-02-13T16:38:20","slug":"o-nas","status":"publish","type":"page","link":"https:\/\/www.elixir-zivota.cz\/?page_id=16","title":{"rendered":"O n\u00e1s"},"content":{"rendered":"\n<p class=\"has-medium-font-size\">Jsme mal\u00fd obch\u016fdek v centru Kop\u0159ivnice zam\u011b\u0159en\u00fd na zdrav\u00ed a kr\u00e1sno. V na\u0161em sortimentu najdete kvalitn\u00ed v\u00fdrobky vhodn\u00e9 k pos\u00edlen\u00ed a rozvoji t\u011blesn\u00e9 schr\u00e1nky i kr\u00e1sn\u00e9 dekorativn\u00ed a d\u00e1rkov\u00e9 produkty, kter\u00e9 lahod\u00ed oku i du\u0161i. <\/p>\n\n\n\n<p class=\"has-medium-font-size\">N\u00e1\u0161 obch\u016fdek pro\u0161el na po\u010d\u00e1tku roku 2022 nemal\u00fdmi zm\u011bnami. Jste srde\u010dn\u011b zv\u00e1ni. T\u011b\u0161\u00edme se na V\u00e1s. \u2764\ufe0f<\/p>\n\n\n\n<p class=\"has-medium-font-size\"><\/p>\n\n\n\n\n\n<figure class=\"wp-block-image size-large\"><img loading=\"lazy\" decoding=\"async\" width=\"1024\" height=\"768\" src=\"https:\/\/www.elixir-zivota.cz\/wp-content\/uploads\/2022\/02\/06-1024x768.jpg\" alt=\"\" class=\"wp-image-637\" srcset=\"https:\/\/www.elixir-zivota.cz\/wp-content\/uploads\/2022\/02\/06-1024x768.jpg 1024w, https:\/\/www.elixir-zivota.cz\/wp-content\/uploads\/2022\/02\/06-300x225.jpg 300w, https:\/\/www.elixir-zivota.cz\/wp-content\/uploads\/2022\/02\/06-768x576.jpg 768w, https:\/\/www.elixir-zivota.cz\/wp-content\/uploads\/2022\/02\/06-1536x1152.jpg 1536w, https:\/\/www.elixir-zivota.cz\/wp-content\/uploads\/2022\/02\/06-1320x990.jpg 1320w, https:\/\/www.elixir-zivota.cz\/wp-content\/uploads\/2022\/02\/06.jpg 1600w\" sizes=\"auto, (max-width: 1024px) 100vw, 1024px\" \/><\/figure>\n","protected":false},"excerpt":{"rendered":"<p>Jsme mal\u00fd obch\u016fdek v centru Kop\u0159ivnice zam\u011b\u0159en\u00fd na zdrav\u00ed a kr\u00e1sno. V na\u0161em sortimentu najdete kvalitn\u00ed v\u00fdrobky vhodn\u00e9 k pos\u00edlen\u00ed a rozvoji t\u011blesn\u00e9 schr\u00e1nky i kr\u00e1sn\u00e9 dekorativn\u00ed a d\u00e1rkov\u00e9 produkty, kter\u00e9 lahod\u00ed oku i du\u0161i. N\u00e1\u0161 obch\u016fdek pro\u0161el na po\u010d\u00e1tku roku 2022 nemal\u00fdmi zm\u011bnami. Jste srde\u010dn\u011b zv\u00e1ni. T\u011b\u0161\u00edme se na V\u00e1s. \u2764\ufe0f<\/p>\n","protected":false},"author":1,"featured_media":0,"parent":0,"menu_order":0,"comment_status":"closed","ping_status":"closed","template":"","meta":{"ngg_post_thumbnail":0,"footnotes":""},"class_list":["post-16","page","type-page","status-publish","hentry"],"_links":{"self":[{"href":"https:\/\/www.elixir-zivota.cz\/index.php?rest_route=\/wp\/v2\/pages\/16","targetHints":{"allow":["GET"]}}],"collection":[{"href":"https:\/\/www.elixir-zivota.cz\/index.php?rest_route=\/wp\/v2\/pages"}],"about":[{"href":"https:\/\/www.elixir-zivota.cz\/index.php?rest_route=\/wp\/v2\/types\/page"}],"author":[{"embeddable":true,"href":"https:\/\/www.elixir-zivota.cz\/index.php?rest_route=\/wp\/v2\/users\/1"}],"replies":[{"embeddable":true,"href":"https:\/\/www.elixir-zivota.cz\/index.php?rest_route=%2Fwp%2Fv2%2Fcomments&post=16"}],"version-history":[{"count":23,"href":"https:\/\/www.elixir-zivota.cz\/index.php?rest_route=\/wp\/v2\/pages\/16\/revisions"}],"predecessor-version":[{"id":644,"href":"https:\/\/www.elixir-zivota.cz\/index.php?rest_route=\/wp\/v2\/pages\/16\/revisions\/644"}],"wp:attachment":[{"href":"https:\/\/www.elixir-zivota.cz\/index.php?rest_route=%2Fwp%2Fv2%2Fmedia&parent=16"}],"curies":[{"name":"wp","href":"https:\/\/api.w.org\/{rel}","templated":true}]}}